{"id":2800,"date":"2020-01-24T10:45:22","date_gmt":"2020-01-24T08:45:22","guid":{"rendered":"https:\/\/www.residencecigno.it\/mission-und-werte\/"},"modified":"2024-01-09T19:33:06","modified_gmt":"2024-01-09T17:33:06","slug":"mission-und-werte","status":"publish","type":"page","link":"https:\/\/www.residencecigno.it\/de\/mission-und-werte\/","title":{"rendered":"Mission und Werte"},"content":{"rendered":"\t\t<div data-elementor-type=\"wp-post\" data-elementor-id=\"2800\" class=\"elementor elementor-2800 elementor-183 elementor-bc-flex-widget\" data-elementor-post-type=\"page\">\n\t\t\t\t\t\t<section class=\"elementor-section elementor-top-section elementor-element elementor-element-3b7c6cc elementor-section-boxed elementor-section-height-default elementor-section-height-default\" data-id=\"3b7c6cc\" data-element_type=\"section\" data-e-type=\"section\">\n\t\t\t\t\t\t<div class=\"elementor-container elementor-column-gap-default\">\n\t\t\t\t\t<div class=\"elementor-column elementor-col-100 elementor-top-column elementor-element elementor-element-ab824ac\" data-id=\"ab824ac\" data-element_type=\"column\" data-e-type=\"column\">\n\t\t\t<div class=\"elementor-widget-wrap elementor-element-populated\">\n\t\t\t\t\t\t<div class=\"elementor-element elementor-element-ec91eac elementor-widget elementor-widget-spacer\" data-id=\"ec91eac\" data-element_type=\"widget\" data-e-type=\"widget\" data-widget_type=\"spacer.default\">\n\t\t\t\t<div class=\"elementor-widget-container\">\n\t\t\t\t\t\t\t<div class=\"elementor-spacer\">\n\t\t\t<div class=\"elementor-spacer-inner\"><\/div>\n\t\t<\/div>\n\t\t\t\t\t\t<\/div>\n\t\t\t\t<\/div>\n\t\t\t\t<div class=\"elementor-element elementor-element-2f8f6330 elementor-widget elementor-widget-text-editor\" data-id=\"2f8f6330\" data-element_type=\"widget\" data-e-type=\"widget\" data-widget_type=\"text-editor.default\">\n\t\t\t\t<div class=\"elementor-widget-container\">\n\t\t\t\t\t\t\t\t\t<p style=\"text-align: center;\">Unsere Mission ist ein Modell von <strong>bewu\u00dftem<\/strong><br \/>\n<strong>und nachhaltigem<\/strong> Urlaub und Aufenthalt zu verbreiten.<\/p>\n\t\t\t\t\t\t\t\t<\/div>\n\t\t\t\t<\/div>\n\t\t\t\t\t<\/div>\n\t\t<\/div>\n\t\t\t\t\t<\/div>\n\t\t<\/section>\n\t\t\t\t<section class=\"elementor-section elementor-top-section elementor-element elementor-element-4348ab7 elementor-section-content-middle elementor-section-boxed elementor-section-height-default elementor-section-height-default\" data-id=\"4348ab7\" data-element_type=\"section\" data-e-type=\"section\" data-settings=\"{&quot;background_background&quot;:&quot;classic&quot;}\">\n\t\t\t\t\t\t<div class=\"elementor-container elementor-column-gap-wide\">\n\t\t\t\t\t<div class=\"elementor-column elementor-col-33 elementor-top-column elementor-element elementor-element-64ce73c\" data-id=\"64ce73c\" data-element_type=\"column\" data-e-type=\"column\">\n\t\t\t<div class=\"elementor-widget-wrap elementor-element-populated\">\n\t\t\t\t\t\t<div class=\"elementor-element elementor-element-56df463 elementor-position-top elementor-widget elementor-widget-image-box\" data-id=\"56df463\" data-element_type=\"widget\" data-e-type=\"widget\" data-widget_type=\"image-box.default\">\n\t\t\t\t<div class=\"elementor-widget-container\">\n\t\t\t\t\t<div class=\"elementor-image-box-wrapper\"><figure class=\"elementor-image-box-img\"><a href=\"\/web\/smartness-e-unicita\" tabindex=\"-1\"><img fetchpriority=\"high\" decoding=\"async\" width=\"768\" height=\"432\" src=\"https:\/\/www.residencecigno.it\/web\/wp-content\/uploads\/paper-3309829_1280-1-768x432.jpg\" class=\"attachment-medium_large size-medium_large wp-image-2809\" alt=\"\" srcset=\"https:\/\/www.residencecigno.it\/web\/wp-content\/uploads\/paper-3309829_1280-1-768x432.jpg 768w, https:\/\/www.residencecigno.it\/web\/wp-content\/uploads\/paper-3309829_1280-1-300x169.jpg 300w, https:\/\/www.residencecigno.it\/web\/wp-content\/uploads\/paper-3309829_1280-1-1024x576.jpg 1024w, https:\/\/www.residencecigno.it\/web\/wp-content\/uploads\/paper-3309829_1280-1.jpg 1280w\" sizes=\"(max-width: 768px) 100vw, 768px\" \/><\/a><\/figure><div class=\"elementor-image-box-content\"><h3 class=\"elementor-image-box-title\"><a href=\"\/web\/smartness-e-unicita\">Wir lassen das Potential frei<\/a><\/h3><p class=\"elementor-image-box-description\">mit Hilfe der Technologie, gem\u00fctlichen R\u00e4umen und der Gelegenheit von Coworking<\/p><\/div><\/div>\t\t\t\t<\/div>\n\t\t\t\t<\/div>\n\t\t\t\t\t<\/div>\n\t\t<\/div>\n\t\t\t\t<div class=\"elementor-column elementor-col-33 elementor-top-column elementor-element elementor-element-9e0b22b\" data-id=\"9e0b22b\" data-element_type=\"column\" data-e-type=\"column\">\n\t\t\t<div class=\"elementor-widget-wrap elementor-element-populated\">\n\t\t\t\t\t\t<div class=\"elementor-element elementor-element-dfddebc elementor-position-top elementor-widget elementor-widget-image-box\" data-id=\"dfddebc\" data-element_type=\"widget\" data-e-type=\"widget\" data-widget_type=\"image-box.default\">\n\t\t\t\t<div class=\"elementor-widget-container\">\n\t\t\t\t\t<div class=\"elementor-image-box-wrapper\"><figure class=\"elementor-image-box-img\"><a href=\"\/web\/sostenibilita\/\" tabindex=\"-1\"><img decoding=\"async\" width=\"768\" height=\"432\" src=\"https:\/\/www.residencecigno.it\/web\/wp-content\/uploads\/solar-panel-918492_1920-1-768x432.jpg\" class=\"attachment-medium_large size-medium_large wp-image-2810\" alt=\"\" srcset=\"https:\/\/www.residencecigno.it\/web\/wp-content\/uploads\/solar-panel-918492_1920-1-768x432.jpg 768w, https:\/\/www.residencecigno.it\/web\/wp-content\/uploads\/solar-panel-918492_1920-1-300x169.jpg 300w, https:\/\/www.residencecigno.it\/web\/wp-content\/uploads\/solar-panel-918492_1920-1-1024x576.jpg 1024w, https:\/\/www.residencecigno.it\/web\/wp-content\/uploads\/solar-panel-918492_1920-1.jpg 1920w\" sizes=\"(max-width: 768px) 100vw, 768px\" \/><\/a><\/figure><div class=\"elementor-image-box-content\"><h3 class=\"elementor-image-box-title\"><a href=\"\/web\/sostenibilita\/\">Wir verbrauchen verantwortungsvoll<\/a><\/h3><p class=\"elementor-image-box-description\">Wasser und Elektrizit\u00e4t. Wir produzieren erneuerbare Energie und reduzieren den Abfall. Wir benutzen Recyclingpapier und nat\u00fcrliche Produkte und Reinigungsmittel.<\/p><\/div><\/div>\t\t\t\t<\/div>\n\t\t\t\t<\/div>\n\t\t\t\t\t<\/div>\n\t\t<\/div>\n\t\t\t\t<div class=\"elementor-column elementor-col-33 elementor-top-column elementor-element elementor-element-4d4d445\" data-id=\"4d4d445\" data-element_type=\"column\" data-e-type=\"column\">\n\t\t\t<div class=\"elementor-widget-wrap elementor-element-populated\">\n\t\t\t\t\t\t<div class=\"elementor-element elementor-element-e9b78c3 elementor-position-top elementor-widget elementor-widget-image-box\" data-id=\"e9b78c3\" data-element_type=\"widget\" data-e-type=\"widget\" data-widget_type=\"image-box.default\">\n\t\t\t\t<div class=\"elementor-widget-container\">\n\t\t\t\t\t<div class=\"elementor-image-box-wrapper\"><figure class=\"elementor-image-box-img\"><a href=\"\/web\/appartamenti-monolocali-e-bilocali\/\" tabindex=\"-1\"><img decoding=\"async\" width=\"768\" height=\"432\" src=\"https:\/\/www.residencecigno.it\/web\/wp-content\/uploads\/summerfield-336672_1920-1-768x432.jpg\" class=\"attachment-medium_large size-medium_large wp-image-2811\" alt=\"\" srcset=\"https:\/\/www.residencecigno.it\/web\/wp-content\/uploads\/summerfield-336672_1920-1-768x432.jpg 768w, https:\/\/www.residencecigno.it\/web\/wp-content\/uploads\/summerfield-336672_1920-1-300x169.jpg 300w, https:\/\/www.residencecigno.it\/web\/wp-content\/uploads\/summerfield-336672_1920-1-1024x576.jpg 1024w, https:\/\/www.residencecigno.it\/web\/wp-content\/uploads\/summerfield-336672_1920-1.jpg 1920w\" sizes=\"(max-width: 768px) 100vw, 768px\" \/><\/a><\/figure><div class=\"elementor-image-box-content\"><h3 class=\"elementor-image-box-title\"><a href=\"\/web\/appartamenti-monolocali-e-bilocali\/\">Wir teilen die Werte<\/a><\/h3><p class=\"elementor-image-box-description\">des Co-living d.h. des friedlichen Zusammenlebens; wir praktizieren Mindfulness.<\/p><\/div><\/div>\t\t\t\t<\/div>\n\t\t\t\t<\/div>\n\t\t\t\t\t<\/div>\n\t\t<\/div>\n\t\t\t\t\t<\/div>\n\t\t<\/section>\n\t\t\t\t<section class=\"elementor-section elementor-top-section elementor-element elementor-element-d590e29 elementor-section-content-middle elementor-section-boxed elementor-section-height-default elementor-section-height-default\" data-id=\"d590e29\" data-element_type=\"section\" data-e-type=\"section\" data-settings=\"{&quot;background_background&quot;:&quot;classic&quot;,&quot;shape_divider_top&quot;:&quot;mountains&quot;,&quot;shape_divider_bottom&quot;:&quot;mountains&quot;}\">\n\t\t\t\t\t\t\t<div class=\"elementor-background-overlay\"><\/div>\n\t\t\t\t\t\t<div class=\"elementor-shape elementor-shape-top\" aria-hidden=\"true\" data-negative=\"false\">\n\t\t\t<svg xmlns=\"http:\/\/www.w3.org\/2000\/svg\" viewBox=\"0 0 1000 100\" preserveAspectRatio=\"none\">\n\t<path class=\"elementor-shape-fill\" opacity=\"0.33\" d=\"M473,67.3c-203.9,88.3-263.1-34-320.3,0C66,119.1,0,59.7,0,59.7V0h1000v59.7 c0,0-62.1,26.1-94.9,29.3c-32.8,3.3-62.8-12.3-75.8-22.1C806,49.6,745.3,8.7,694.9,4.7S492.4,59,473,67.3z\"\/>\n\t<path class=\"elementor-shape-fill\" opacity=\"0.66\" d=\"M734,67.3c-45.5,0-77.2-23.2-129.1-39.1c-28.6-8.7-150.3-10.1-254,39.1 s-91.7-34.4-149.2,0C115.7,118.3,0,39.8,0,39.8V0h1000v36.5c0,0-28.2-18.5-92.1-18.5C810.2,18.1,775.7,67.3,734,67.3z\"\/>\n\t<path class=\"elementor-shape-fill\" d=\"M766.1,28.9c-200-57.5-266,65.5-395.1,19.5C242,1.8,242,5.4,184.8,20.6C128,35.8,132.3,44.9,89.9,52.5C28.6,63.7,0,0,0,0 h1000c0,0-9.9,40.9-83.6,48.1S829.6,47,766.1,28.9z\"\/>\n<\/svg>\t\t<\/div>\n\t\t\t\t<div class=\"elementor-shape elementor-shape-bottom\" aria-hidden=\"true\" data-negative=\"false\">\n\t\t\t<svg xmlns=\"http:\/\/www.w3.org\/2000\/svg\" viewBox=\"0 0 1000 100\" preserveAspectRatio=\"none\">\n\t<path class=\"elementor-shape-fill\" opacity=\"0.33\" d=\"M473,67.3c-203.9,88.3-263.1-34-320.3,0C66,119.1,0,59.7,0,59.7V0h1000v59.7 c0,0-62.1,26.1-94.9,29.3c-32.8,3.3-62.8-12.3-75.8-22.1C806,49.6,745.3,8.7,694.9,4.7S492.4,59,473,67.3z\"\/>\n\t<path class=\"elementor-shape-fill\" opacity=\"0.66\" d=\"M734,67.3c-45.5,0-77.2-23.2-129.1-39.1c-28.6-8.7-150.3-10.1-254,39.1 s-91.7-34.4-149.2,0C115.7,118.3,0,39.8,0,39.8V0h1000v36.5c0,0-28.2-18.5-92.1-18.5C810.2,18.1,775.7,67.3,734,67.3z\"\/>\n\t<path class=\"elementor-shape-fill\" d=\"M766.1,28.9c-200-57.5-266,65.5-395.1,19.5C242,1.8,242,5.4,184.8,20.6C128,35.8,132.3,44.9,89.9,52.5C28.6,63.7,0,0,0,0 h1000c0,0-9.9,40.9-83.6,48.1S829.6,47,766.1,28.9z\"\/>\n<\/svg>\t\t<\/div>\n\t\t\t\t\t<div class=\"elementor-container elementor-column-gap-wide\">\n\t\t\t\t\t<div class=\"elementor-column elementor-col-100 elementor-top-column elementor-element elementor-element-e09ea7c\" data-id=\"e09ea7c\" data-element_type=\"column\" data-e-type=\"column\">\n\t\t\t<div class=\"elementor-widget-wrap elementor-element-populated\">\n\t\t\t\t\t\t<div class=\"elementor-element elementor-element-ad2a82d elementor-widget elementor-widget-image\" data-id=\"ad2a82d\" data-element_type=\"widget\" data-e-type=\"widget\" data-widget_type=\"image.default\">\n\t\t\t\t<div class=\"elementor-widget-container\">\n\t\t\t\t\t\t\t\t\t\t\t\t\t\t\t\t<a href=\"https:\/\/www.residencecigno.it\/web\/wp-content\/uploads\/cerchio_v2.png\" data-elementor-open-lightbox=\"yes\" data-elementor-lightbox-title=\"cerchio_v2\" data-e-action-hash=\"#elementor-action%3Aaction%3Dlightbox%26settings%3DeyJpZCI6MjgxMiwidXJsIjoiaHR0cHM6XC9cL3d3dy5yZXNpZGVuY2VjaWduby5pdFwvd2ViXC93cC1jb250ZW50XC91cGxvYWRzXC9jZXJjaGlvX3YyLnBuZyJ9\">\n\t\t\t\t\t\t\t<img decoding=\"async\" src=\"https:\/\/www.residencecigno.it\/web\/wp-content\/uploads\/elementor\/thumbs\/cerchio_v2-o8e5dgllv82i3ovqvolff7yj4krfc708r0lucfxvn4.png\" title=\"cerchio_v2\" alt=\"cerchio_v2\" loading=\"lazy\" \/>\t\t\t\t\t\t\t\t<\/a>\n\t\t\t\t\t\t\t\t\t\t\t\t\t\t\t<\/div>\n\t\t\t\t<\/div>\n\t\t\t\t\t<\/div>\n\t\t<\/div>\n\t\t\t\t\t<\/div>\n\t\t<\/section>\n\t\t\t\t<\/div>\n\t\t","protected":false},"excerpt":{"rendered":"<p>Unsere Mission ist ein Modell von bewu\u00dftem und nachhaltigem Urlaub und Aufenthalt zu verbreiten. Wir lassen das Potential frei mit Hilfe der Technologie, gem\u00fctlichen R\u00e4umen und der Gelegenheit von Coworking Wir verbrauchen verantwortungsvoll Wasser und Elektrizit\u00e4t. Wir produzieren erneuerbare Energie und reduzieren den Abfall. Wir benutzen Recyclingpapier und nat\u00fcrliche Produkte und Reinigungsmittel. Wir teilen die [&hellip;]<\/p>\n","protected":false},"author":2,"featured_media":0,"parent":0,"menu_order":0,"comment_status":"closed","ping_status":"closed","template":"elementor_header_footer","meta":{"site-sidebar-layout":"no-sidebar","site-content-layout":"page-builder","ast-site-content-layout":"default","site-content-style":"default","site-sidebar-style":"default","ast-global-header-display":"","ast-banner-title-visibility":"","ast-main-header-display":"","ast-hfb-above-header-display":"","ast-hfb-below-header-display":"","ast-hfb-mobile-header-display":"","site-post-title":"disabled","ast-breadcrumbs-content":"","ast-featured-img":"disabled","footer-sml-layout":"","ast-disable-related-posts":"","theme-transparent-header-meta":"","adv-header-id-meta":"","stick-header-meta":"","header-above-stick-meta":"","header-main-stick-meta":"","header-below-stick-meta":"","astra-migrate-meta-layouts":"default","ast-page-background-enabled":"default","ast-page-background-meta":{"desktop":{"background-color":"","background-image":"","background-repeat":"repeat","background-position":"center center","background-size":"auto","background-attachment":"scroll","background-type":"","background-media":"","overlay-type":"","overlay-color":"","overlay-opacity":"","overlay-gradient":""},"tablet":{"background-color":"","background-image":"","background-repeat":"repeat","background-position":"center center","background-size":"auto","background-attachment":"scroll","background-type":"","background-media":"","overlay-type":"","overlay-color":"","overlay-opacity":"","overlay-gradient":""},"mobile":{"background-color":"","background-image":"","background-repeat":"repeat","background-position":"center center","background-size":"auto","background-attachment":"scroll","background-type":"","background-media":"","overlay-type":"","overlay-color":"","overlay-opacity":"","overlay-gradient":""}},"ast-content-background-meta":{"desktop":{"background-color":"var(--ast-global-color-5)","background-image":"","background-repeat":"repeat","background-position":"center center","background-size":"auto","background-attachment":"scroll","background-type":"","background-media":"","overlay-type":"","overlay-color":"","overlay-opacity":"","overlay-gradient":""},"tablet":{"background-color":"var(--ast-global-color-5)","background-image":"","background-repeat":"repeat","background-position":"center center","background-size":"auto","background-attachment":"scroll","background-type":"","background-media":"","overlay-type":"","overlay-color":"","overlay-opacity":"","overlay-gradient":""},"mobile":{"background-color":"var(--ast-global-color-5)","background-image":"","background-repeat":"repeat","background-position":"center center","background-size":"auto","background-attachment":"scroll","background-type":"","background-media":"","overlay-type":"","overlay-color":"","overlay-opacity":"","overlay-gradient":""}},"footnotes":""},"class_list":["post-2800","page","type-page","status-publish","hentry"],"_links":{"self":[{"href":"https:\/\/www.residencecigno.it\/de\/wp-json\/wp\/v2\/pages\/2800","targetHints":{"allow":["GET"]}}],"collection":[{"href":"https:\/\/www.residencecigno.it\/de\/wp-json\/wp\/v2\/pages"}],"about":[{"href":"https:\/\/www.residencecigno.it\/de\/wp-json\/wp\/v2\/types\/page"}],"author":[{"embeddable":true,"href":"https:\/\/www.residencecigno.it\/de\/wp-json\/wp\/v2\/users\/2"}],"replies":[{"embeddable":true,"href":"https:\/\/www.residencecigno.it\/de\/wp-json\/wp\/v2\/comments?post=2800"}],"version-history":[{"count":2,"href":"https:\/\/www.residencecigno.it\/de\/wp-json\/wp\/v2\/pages\/2800\/revisions"}],"predecessor-version":[{"id":176573,"href":"https:\/\/www.residencecigno.it\/de\/wp-json\/wp\/v2\/pages\/2800\/revisions\/176573"}],"wp:attachment":[{"href":"https:\/\/www.residencecigno.it\/de\/wp-json\/wp\/v2\/media?parent=2800"}],"curies":[{"name":"wp","href":"https:\/\/api.w.org\/{rel}","templated":true}]}}