{"id":2897,"date":"2018-07-26T17:09:41","date_gmt":"2018-07-26T15:09:41","guid":{"rendered":"https:\/\/www.residencecigno.it\/einzigartigkeit\/"},"modified":"2025-12-02T11:12:23","modified_gmt":"2025-12-02T09:12:23","slug":"einzigartigkeit","status":"publish","type":"page","link":"https:\/\/www.residencecigno.it\/de\/einzigartigkeit\/","title":{"rendered":"Einzigartigkeit"},"content":{"rendered":"\t\t<div data-elementor-type=\"wp-post\" data-elementor-id=\"2897\" class=\"elementor elementor-2897 elementor-225\" data-elementor-post-type=\"page\">\n\t\t\t\t\t\t<section class=\"elementor-section elementor-top-section elementor-element elementor-element-f3c52e7 elementor-section-boxed elementor-section-height-default elementor-section-height-default\" data-id=\"f3c52e7\" data-element_type=\"section\" data-e-type=\"section\">\n\t\t\t\t\t\t<div class=\"elementor-container elementor-column-gap-default\">\n\t\t\t\t\t<div class=\"elementor-column elementor-col-100 elementor-top-column elementor-element elementor-element-15bc30f\" data-id=\"15bc30f\" data-element_type=\"column\" data-e-type=\"column\">\n\t\t\t<div class=\"elementor-widget-wrap elementor-element-populated\">\n\t\t\t\t\t\t<div class=\"elementor-element elementor-element-2bce3a3f elementor-widget elementor-widget-text-editor\" data-id=\"2bce3a3f\" data-element_type=\"widget\" data-e-type=\"widget\" data-widget_type=\"text-editor.default\">\n\t\t\t\t<div class=\"elementor-widget-container\">\n\t\t\t\t\t\t\t\t\t<p>Jeder ist auf seine Weise einzigartig, mit Vor- und Nachteilen, Angewohnheiten und Bed\u00fcrfnissen.<\/p>\n<p>Durch Technologie l\u00e4\u00dft sich unser Residence an die Bed\u00fcrfnisse unserer G\u00e4ste anpassen.<\/p>\n<p>Seien Sie frei Sich selbst zu sein.<\/p>\n\t\t\t\t\t\t\t\t<\/div>\n\t\t\t\t<\/div>\n\t\t\t\t\t<\/div>\n\t\t<\/div>\n\t\t\t\t\t<\/div>\n\t\t<\/section>\n\t\t\t\t<section class=\"elementor-section elementor-top-section elementor-element elementor-element-16b7972 elementor-section-content-middle elementor-section-height-min-height elementor-section-boxed elementor-section-height-default elementor-section-items-middle\" data-id=\"16b7972\" data-element_type=\"section\" data-e-type=\"section\" data-settings=\"{&quot;background_background&quot;:&quot;classic&quot;}\">\n\t\t\t\t\t\t<div class=\"elementor-container elementor-column-gap-default\">\n\t\t\t\t\t<div class=\"elementor-column elementor-col-100 elementor-top-column elementor-element elementor-element-bf0de99\" data-id=\"bf0de99\" data-element_type=\"column\" data-e-type=\"column\">\n\t\t\t<div class=\"elementor-widget-wrap elementor-element-populated\">\n\t\t\t\t\t\t<div class=\"elementor-element elementor-element-87b4ba1 elementor-widget elementor-widget-spacer\" data-id=\"87b4ba1\" data-element_type=\"widget\" data-e-type=\"widget\" data-widget_type=\"spacer.default\">\n\t\t\t\t<div class=\"elementor-widget-container\">\n\t\t\t\t\t\t\t<div class=\"elementor-spacer\">\n\t\t\t<div class=\"elementor-spacer-inner\"><\/div>\n\t\t<\/div>\n\t\t\t\t\t\t<\/div>\n\t\t\t\t<\/div>\n\t\t\t\t\t<\/div>\n\t\t<\/div>\n\t\t\t\t\t<\/div>\n\t\t<\/section>\n\t\t\t\t<section class=\"elementor-section elementor-top-section elementor-element elementor-element-eb03db6 elementor-section-boxed elementor-section-height-default elementor-section-height-default\" data-id=\"eb03db6\" data-element_type=\"section\" data-e-type=\"section\">\n\t\t\t\t\t\t<div class=\"elementor-container elementor-column-gap-default\">\n\t\t\t\t\t<div class=\"elementor-column elementor-col-50 elementor-top-column elementor-element elementor-element-0e259af\" data-id=\"0e259af\" data-element_type=\"column\" data-e-type=\"column\">\n\t\t\t<div class=\"elementor-widget-wrap elementor-element-populated\">\n\t\t\t\t\t\t<div class=\"elementor-element elementor-element-60fd1dd elementor-widget elementor-widget-heading\" data-id=\"60fd1dd\" data-element_type=\"widget\" data-e-type=\"widget\" data-widget_type=\"heading.default\">\n\t\t\t\t<div class=\"elementor-widget-container\">\n\t\t\t\t\t<h3 class=\"elementor-heading-title elementor-size-default\">Ausstattung Gemeinschaftsr\u00e4ume<\/h3>\t\t\t\t<\/div>\n\t\t\t\t<\/div>\n\t\t\t\t<div class=\"elementor-element elementor-element-a954c49 elementor-widget elementor-widget-text-editor\" data-id=\"a954c49\" data-element_type=\"widget\" data-e-type=\"widget\" data-widget_type=\"text-editor.default\">\n\t\t\t\t<div class=\"elementor-widget-container\">\n\t\t\t\t\t\t\t\t\t<ul>\n<li>Selbstbedienungs-Kaffeeecke.<\/li>\n<li>Internet <strong>high speed \u00fcberall<\/strong> im Residence.<\/li>\n<li><strong>Vollst\u00e4ndig video\u00fcberwachter<\/strong> Bereich.<\/li>\n<li><strong>Nichtraucher Residence.<\/strong><\/li>\n<\/ul>\n\t\t\t\t\t\t\t\t<\/div>\n\t\t\t\t<\/div>\n\t\t\t\t<div class=\"elementor-element elementor-element-fd8ada0 elementor-widget-divider--view-line elementor-widget elementor-widget-divider\" data-id=\"fd8ada0\" data-element_type=\"widget\" data-e-type=\"widget\" data-widget_type=\"divider.default\">\n\t\t\t\t<div class=\"elementor-widget-container\">\n\t\t\t\t\t\t\t<div class=\"elementor-divider\">\n\t\t\t<span class=\"elementor-divider-separator\">\n\t\t\t\t\t\t<\/span>\n\t\t<\/div>\n\t\t\t\t\t\t<\/div>\n\t\t\t\t<\/div>\n\t\t\t\t\t<\/div>\n\t\t<\/div>\n\t\t\t\t<div class=\"elementor-column elementor-col-50 elementor-top-column elementor-element elementor-element-80dcabe\" data-id=\"80dcabe\" data-element_type=\"column\" data-e-type=\"column\">\n\t\t\t<div class=\"elementor-widget-wrap elementor-element-populated\">\n\t\t\t\t\t\t<div class=\"elementor-element elementor-element-9b8d499 gallery-spacing-custom elementor-widget elementor-widget-image-gallery\" data-id=\"9b8d499\" data-element_type=\"widget\" data-e-type=\"widget\" data-widget_type=\"image-gallery.default\">\n\t\t\t\t<div class=\"elementor-widget-container\">\n\t\t\t\t\t\t\t<div class=\"elementor-image-gallery\">\n\t\t\t<div id='gallery-1' class='gallery galleryid-2897 gallery-columns-2 gallery-size-medium'><figure class='gallery-item'>\n\t\t\t<div class='gallery-icon landscape'>\n\t\t\t\t<a data-elementor-open-lightbox=\"yes\" data-elementor-lightbox-slideshow=\"9b8d499\" data-elementor-lightbox-title=\"_NIK9342\" data-e-action-hash=\"#elementor-action%3Aaction%3Dlightbox%26settings%3DeyJpZCI6MjkxNCwidXJsIjoiaHR0cHM6XC9cL3d3dy5yZXNpZGVuY2VjaWduby5pdFwvd2ViXC93cC1jb250ZW50XC91cGxvYWRzXC9OSUs5MzQyLmpwZyIsInNsaWRlc2hvdyI6IjliOGQ0OTkifQ%3D%3D\" href='https:\/\/www.residencecigno.it\/web\/wp-content\/uploads\/NIK9342.jpg'><img fetchpriority=\"high\" decoding=\"async\" width=\"300\" height=\"200\" src=\"https:\/\/www.residencecigno.it\/web\/wp-content\/uploads\/NIK9342-300x200.jpg\" class=\"attachment-medium size-medium\" alt=\"\" srcset=\"https:\/\/www.residencecigno.it\/web\/wp-content\/uploads\/NIK9342-300x200.jpg 300w, https:\/\/www.residencecigno.it\/web\/wp-content\/uploads\/NIK9342-768x511.jpg 768w, https:\/\/www.residencecigno.it\/web\/wp-content\/uploads\/NIK9342-1024x682.jpg 1024w, https:\/\/www.residencecigno.it\/web\/wp-content\/uploads\/NIK9342.jpg 1920w\" sizes=\"(max-width: 300px) 100vw, 300px\" \/><\/a>\n\t\t\t<\/div><\/figure><figure class='gallery-item'>\n\t\t\t<div class='gallery-icon landscape'>\n\t\t\t\t<a data-elementor-open-lightbox=\"yes\" data-elementor-lightbox-slideshow=\"9b8d499\" data-elementor-lightbox-title=\"_NIK9348\" data-e-action-hash=\"#elementor-action%3Aaction%3Dlightbox%26settings%3DeyJpZCI6MjkxNiwidXJsIjoiaHR0cHM6XC9cL3d3dy5yZXNpZGVuY2VjaWduby5pdFwvd2ViXC93cC1jb250ZW50XC91cGxvYWRzXC9OSUs5MzQ4LmpwZyIsInNsaWRlc2hvdyI6IjliOGQ0OTkifQ%3D%3D\" href='https:\/\/www.residencecigno.it\/web\/wp-content\/uploads\/NIK9348.jpg'><img decoding=\"async\" width=\"300\" height=\"200\" src=\"https:\/\/www.residencecigno.it\/web\/wp-content\/uploads\/NIK9348-300x200.jpg\" class=\"attachment-medium size-medium\" alt=\"\" srcset=\"https:\/\/www.residencecigno.it\/web\/wp-content\/uploads\/NIK9348-300x200.jpg 300w, https:\/\/www.residencecigno.it\/web\/wp-content\/uploads\/NIK9348-768x511.jpg 768w, https:\/\/www.residencecigno.it\/web\/wp-content\/uploads\/NIK9348-1024x682.jpg 1024w, https:\/\/www.residencecigno.it\/web\/wp-content\/uploads\/NIK9348.jpg 1920w\" sizes=\"(max-width: 300px) 100vw, 300px\" \/><\/a>\n\t\t\t<\/div><\/figure>\n\t\t<\/div>\n\t\t<\/div>\n\t\t\t\t\t\t<\/div>\n\t\t\t\t<\/div>\n\t\t\t\t\t<\/div>\n\t\t<\/div>\n\t\t\t\t\t<\/div>\n\t\t<\/section>\n\t\t\t\t<section class=\"elementor-section elementor-top-section elementor-element elementor-element-eee42df elementor-section-boxed elementor-section-height-default elementor-section-height-default\" data-id=\"eee42df\" data-element_type=\"section\" data-e-type=\"section\">\n\t\t\t\t\t\t<div class=\"elementor-container elementor-column-gap-default\">\n\t\t\t\t\t<div class=\"elementor-column elementor-col-50 elementor-top-column elementor-element elementor-element-66490e9\" data-id=\"66490e9\" data-element_type=\"column\" data-e-type=\"column\">\n\t\t\t<div class=\"elementor-widget-wrap elementor-element-populated\">\n\t\t\t\t\t\t<div class=\"elementor-element elementor-element-f857d5b elementor-widget elementor-widget-image-gallery\" data-id=\"f857d5b\" data-element_type=\"widget\" data-e-type=\"widget\" data-widget_type=\"image-gallery.default\">\n\t\t\t\t<div class=\"elementor-widget-container\">\n\t\t\t\t\t\t\t<div class=\"elementor-image-gallery\">\n\t\t\t<div id='gallery-2' class='gallery galleryid-2897 gallery-columns-3 gallery-size-medium'><figure class='gallery-item'>\n\t\t\t<div class='gallery-icon landscape'>\n\t\t\t\t<a data-elementor-open-lightbox=\"yes\" data-elementor-lightbox-slideshow=\"f857d5b\" data-elementor-lightbox-title=\"IMG_1203\" data-e-action-hash=\"#elementor-action%3Aaction%3Dlightbox%26settings%3DeyJpZCI6MjkxNywidXJsIjoiaHR0cHM6XC9cL3d3dy5yZXNpZGVuY2VjaWduby5pdFwvd2ViXC93cC1jb250ZW50XC91cGxvYWRzXC9JTUdfMTIwMy5qcGciLCJzbGlkZXNob3ciOiJmODU3ZDViIn0%3D\" href='https:\/\/www.residencecigno.it\/web\/wp-content\/uploads\/IMG_1203.jpg'><img decoding=\"async\" width=\"300\" height=\"225\" src=\"https:\/\/www.residencecigno.it\/web\/wp-content\/uploads\/IMG_1203-300x225.jpg\" class=\"attachment-medium size-medium\" alt=\"Tresor\" srcset=\"https:\/\/www.residencecigno.it\/web\/wp-content\/uploads\/IMG_1203-300x225.jpg 300w, https:\/\/www.residencecigno.it\/web\/wp-content\/uploads\/IMG_1203.jpg 640w\" sizes=\"(max-width: 300px) 100vw, 300px\" \/><\/a>\n\t\t\t<\/div><\/figure><figure class='gallery-item'>\n\t\t\t<div class='gallery-icon landscape'>\n\t\t\t\t<a data-elementor-open-lightbox=\"yes\" data-elementor-lightbox-slideshow=\"f857d5b\" data-elementor-lightbox-title=\"LTV 2402SAT_cr\" data-e-action-hash=\"#elementor-action%3Aaction%3Dlightbox%26settings%3DeyJpZCI6MzAzMywidXJsIjoiaHR0cHM6XC9cL3d3dy5yZXNpZGVuY2VjaWduby5pdFwvd2ViXC93cC1jb250ZW50XC91cGxvYWRzXC9MVFYtMjQwMlNBVF9jci5qcGciLCJzbGlkZXNob3ciOiJmODU3ZDViIn0%3D\" href='https:\/\/www.residencecigno.it\/web\/wp-content\/uploads\/LTV-2402SAT_cr.jpg'><img loading=\"lazy\" decoding=\"async\" width=\"300\" height=\"225\" src=\"https:\/\/www.residencecigno.it\/web\/wp-content\/uploads\/LTV-2402SAT_cr-300x225.jpg\" class=\"attachment-medium size-medium\" alt=\"\" srcset=\"https:\/\/www.residencecigno.it\/web\/wp-content\/uploads\/LTV-2402SAT_cr-300x225.jpg 300w, https:\/\/www.residencecigno.it\/web\/wp-content\/uploads\/LTV-2402SAT_cr-768x576.jpg 768w, https:\/\/www.residencecigno.it\/web\/wp-content\/uploads\/LTV-2402SAT_cr.jpg 800w\" sizes=\"(max-width: 300px) 100vw, 300px\" \/><\/a>\n\t\t\t<\/div><\/figure><figure class='gallery-item'>\n\t\t\t<div class='gallery-icon landscape'>\n\t\t\t\t<a data-elementor-open-lightbox=\"yes\" data-elementor-lightbox-slideshow=\"f857d5b\" data-elementor-lightbox-title=\"1Candy_cr\" data-e-action-hash=\"#elementor-action%3Aaction%3Dlightbox%26settings%3DeyJpZCI6MzAzMCwidXJsIjoiaHR0cHM6XC9cL3d3dy5yZXNpZGVuY2VjaWduby5pdFwvd2ViXC93cC1jb250ZW50XC91cGxvYWRzXC8xQ2FuZHlfY3IuanBnIiwic2xpZGVzaG93IjoiZjg1N2Q1YiJ9\" href='https:\/\/www.residencecigno.it\/web\/wp-content\/uploads\/1Candy_cr.jpg'><img loading=\"lazy\" decoding=\"async\" width=\"300\" height=\"193\" src=\"https:\/\/www.residencecigno.it\/web\/wp-content\/uploads\/1Candy_cr-300x193.jpg\" class=\"attachment-medium size-medium\" alt=\"\" srcset=\"https:\/\/www.residencecigno.it\/web\/wp-content\/uploads\/1Candy_cr-300x193.jpg 300w, https:\/\/www.residencecigno.it\/web\/wp-content\/uploads\/1Candy_cr-768x494.jpg 768w, https:\/\/www.residencecigno.it\/web\/wp-content\/uploads\/1Candy_cr.jpg 932w\" sizes=\"(max-width: 300px) 100vw, 300px\" \/><\/a>\n\t\t\t<\/div><\/figure>\n\t\t<\/div>\n\t\t<\/div>\n\t\t\t\t\t\t<\/div>\n\t\t\t\t<\/div>\n\t\t\t\t\t<\/div>\n\t\t<\/div>\n\t\t\t\t<div class=\"elementor-column elementor-col-50 elementor-top-column elementor-element elementor-element-8ef1140\" data-id=\"8ef1140\" data-element_type=\"column\" data-e-type=\"column\">\n\t\t\t<div class=\"elementor-widget-wrap elementor-element-populated\">\n\t\t\t\t\t\t<div class=\"elementor-element elementor-element-a627664 elementor-widget elementor-widget-heading\" data-id=\"a627664\" data-element_type=\"widget\" data-e-type=\"widget\" data-widget_type=\"heading.default\">\n\t\t\t\t<div class=\"elementor-widget-container\">\n\t\t\t\t\t<h3 class=\"elementor-heading-title elementor-size-default\">Ausstattung der Wohnungen<\/h3>\t\t\t\t<\/div>\n\t\t\t\t<\/div>\n\t\t\t\t<div class=\"elementor-element elementor-element-11cea4b elementor-widget elementor-widget-text-editor\" data-id=\"11cea4b\" data-element_type=\"widget\" data-e-type=\"widget\" data-widget_type=\"text-editor.default\">\n\t\t\t\t<div class=\"elementor-widget-container\">\n\t\t\t\t\t\t\t\t\t<ul>\n<li>Digitaler Safe<\/li>\n<li>LCD-Fernseher mit digitalen terrestrischen und Satellitenkan\u00e4len<\/li>\n<li>Induktionskochfelder<\/li>\n<\/ul>\n\t\t\t\t\t\t\t\t<\/div>\n\t\t\t\t<\/div>\n\t\t\t\t<div class=\"elementor-element elementor-element-50133ca elementor-widget-divider--view-line elementor-widget elementor-widget-divider\" data-id=\"50133ca\" data-element_type=\"widget\" data-e-type=\"widget\" data-widget_type=\"divider.default\">\n\t\t\t\t<div class=\"elementor-widget-container\">\n\t\t\t\t\t\t\t<div class=\"elementor-divider\">\n\t\t\t<span class=\"elementor-divider-separator\">\n\t\t\t\t\t\t<\/span>\n\t\t<\/div>\n\t\t\t\t\t\t<\/div>\n\t\t\t\t<\/div>\n\t\t\t\t\t<\/div>\n\t\t<\/div>\n\t\t\t\t\t<\/div>\n\t\t<\/section>\n\t\t\t\t<section class=\"elementor-section elementor-top-section elementor-element elementor-element-d5b3f7f elementor-section-stretched elementor-section-boxed elementor-section-height-default elementor-section-height-default\" data-id=\"d5b3f7f\" data-element_type=\"section\" data-e-type=\"section\" data-settings=\"{&quot;stretch_section&quot;:&quot;section-stretched&quot;,&quot;background_background&quot;:&quot;classic&quot;}\">\n\t\t\t\t\t\t\t<div class=\"elementor-background-overlay\"><\/div>\n\t\t\t\t\t\t\t<div class=\"elementor-container elementor-column-gap-wider\">\n\t\t\t\t\t<div class=\"elementor-column elementor-col-50 elementor-top-column elementor-element elementor-element-30f9242\" data-id=\"30f9242\" data-element_type=\"column\" data-e-type=\"column\">\n\t\t\t<div class=\"elementor-widget-wrap elementor-element-populated\">\n\t\t\t\t\t\t<div class=\"elementor-element elementor-element-be7af57 elementor-widget elementor-widget-image\" data-id=\"be7af57\" data-element_type=\"widget\" data-e-type=\"widget\" data-widget_type=\"image.default\">\n\t\t\t\t<div class=\"elementor-widget-container\">\n\t\t\t\t\t\t\t\t\t\t\t\t\t\t\t\t<a href=\"https:\/\/www.residencecigno.it\/web\/wp-content\/uploads\/NIK9537.jpg\" data-elementor-open-lightbox=\"yes\" data-elementor-lightbox-title=\"_NIK9537\" data-e-action-hash=\"#elementor-action%3Aaction%3Dlightbox%26settings%3DeyJpZCI6MjkyMCwidXJsIjoiaHR0cHM6XC9cL3d3dy5yZXNpZGVuY2VjaWduby5pdFwvd2ViXC93cC1jb250ZW50XC91cGxvYWRzXC9OSUs5NTM3LmpwZyJ9\">\n\t\t\t\t\t\t\t<img loading=\"lazy\" decoding=\"async\" width=\"1024\" height=\"682\" src=\"https:\/\/www.residencecigno.it\/web\/wp-content\/uploads\/NIK9537-1024x682.jpg\" class=\"attachment-large size-large wp-image-2920\" alt=\"\" srcset=\"https:\/\/www.residencecigno.it\/web\/wp-content\/uploads\/NIK9537-1024x682.jpg 1024w, https:\/\/www.residencecigno.it\/web\/wp-content\/uploads\/NIK9537-300x200.jpg 300w, https:\/\/www.residencecigno.it\/web\/wp-content\/uploads\/NIK9537-768x511.jpg 768w, https:\/\/www.residencecigno.it\/web\/wp-content\/uploads\/NIK9537.jpg 1920w\" sizes=\"(max-width: 1024px) 100vw, 1024px\" \/>\t\t\t\t\t\t\t\t<\/a>\n\t\t\t\t\t\t\t\t\t\t\t\t\t\t\t<\/div>\n\t\t\t\t<\/div>\n\t\t\t\t\t<\/div>\n\t\t<\/div>\n\t\t\t\t<div class=\"elementor-column elementor-col-50 elementor-top-column elementor-element elementor-element-2fbe176\" data-id=\"2fbe176\" data-element_type=\"column\" data-e-type=\"column\" data-settings=\"{&quot;background_background&quot;:&quot;classic&quot;}\">\n\t\t\t<div class=\"elementor-widget-wrap elementor-element-populated\">\n\t\t\t\t\t\t<div class=\"elementor-element elementor-element-af75149 elementor-widget elementor-widget-heading\" data-id=\"af75149\" data-element_type=\"widget\" data-e-type=\"widget\" data-widget_type=\"heading.default\">\n\t\t\t\t<div class=\"elementor-widget-container\">\n\t\t\t\t\t<h3 class=\"elementor-heading-title elementor-size-default\">Leistungen<\/h3>\t\t\t\t<\/div>\n\t\t\t\t<\/div>\n\t\t\t\t<div class=\"elementor-element elementor-element-a594efa elementor-widget-divider--view-line elementor-widget elementor-widget-divider\" data-id=\"a594efa\" data-element_type=\"widget\" data-e-type=\"widget\" data-widget_type=\"divider.default\">\n\t\t\t\t<div class=\"elementor-widget-container\">\n\t\t\t\t\t\t\t<div class=\"elementor-divider\">\n\t\t\t<span class=\"elementor-divider-separator\">\n\t\t\t\t\t\t<\/span>\n\t\t<\/div>\n\t\t\t\t\t\t<\/div>\n\t\t\t\t<\/div>\n\t\t\t\t<div class=\"elementor-element elementor-element-a8e73a6 elementor-widget elementor-widget-text-editor\" data-id=\"a8e73a6\" data-element_type=\"widget\" data-e-type=\"widget\" data-widget_type=\"text-editor.default\">\n\t\t\t\t<div class=\"elementor-widget-container\">\n\t\t\t\t\t\t\t\t\t<p>Aufzug.<\/p>\n<p>Waschraum.<\/p>\n<p>B\u00fcgelbereich.<\/p>\n<p>Klimatisierte R\u00e4ume.<\/p>\n<p>HighSpeed Netzverbindung in allen Wohnungen und Gemeinschaftsr\u00e4umen.<\/p>\n\t\t\t\t\t\t\t\t<\/div>\n\t\t\t\t<\/div>\n\t\t\t\t\t<\/div>\n\t\t<\/div>\n\t\t\t\t\t<\/div>\n\t\t<\/section>\n\t\t\t\t<\/div>\n\t\t","protected":false},"excerpt":{"rendered":"<p>Jeder ist auf seine Weise einzigartig, mit Vor- und Nachteilen, Angewohnheiten und Bed\u00fcrfnissen. Durch Technologie l\u00e4\u00dft sich unser Residence an die Bed\u00fcrfnisse unserer G\u00e4ste anpassen. Seien Sie frei Sich selbst zu sein. Ausstattung Gemeinschaftsr\u00e4ume Selbstbedienungs-Kaffeeecke. Internet high speed \u00fcberall im Residence. Vollst\u00e4ndig video\u00fcberwachter Bereich. Nichtraucher Residence. Ausstattung der Wohnungen Digitaler Safe LCD-Fernseher mit digitalen terrestrischen [&hellip;]<\/p>\n","protected":false},"author":2,"featured_media":0,"parent":0,"menu_order":0,"comment_status":"closed","ping_status":"closed","template":"","meta":{"site-sidebar-layout":"no-sidebar","site-content-layout":"page-builder","ast-site-content-layout":"full-width-container","site-content-style":"unboxed","site-sidebar-style":"unboxed","ast-global-header-display":"","ast-banner-title-visibility":"","ast-main-header-display":"","ast-hfb-above-header-display":"","ast-hfb-below-header-display":"","ast-hfb-mobile-header-display":"","site-post-title":"disabled","ast-breadcrumbs-content":"","ast-featured-img":"disabled","footer-sml-layout":"","ast-disable-related-posts":"","theme-transparent-header-meta":"default","adv-header-id-meta":"","stick-header-meta":"","header-above-stick-meta":"","header-main-stick-meta":"","header-below-stick-meta":"","astra-migrate-meta-layouts":"default","ast-page-background-enabled":"default","ast-page-background-meta":{"desktop":{"background-color":"","background-image":"","background-repeat":"repeat","background-position":"center center","background-size":"auto","background-attachment":"scroll","background-type":"","background-media":"","overlay-type":"","overlay-color":"","overlay-opacity":"","overlay-gradient":""},"tablet":{"background-color":"","background-image":"","background-repeat":"repeat","background-position":"center center","background-size":"auto","background-attachment":"scroll","background-type":"","background-media":"","overlay-type":"","overlay-color":"","overlay-opacity":"","overlay-gradient":""},"mobile":{"background-color":"","background-image":"","background-repeat":"repeat","background-position":"center center","background-size":"auto","background-attachment":"scroll","background-type":"","background-media":"","overlay-type":"","overlay-color":"","overlay-opacity":"","overlay-gradient":""}},"ast-content-background-meta":{"desktop":{"background-color":"var(--ast-global-color-5)","background-image":"","background-repeat":"repeat","background-position":"center center","background-size":"auto","background-attachment":"scroll","background-type":"","background-media":"","overlay-type":"","overlay-color":"","overlay-opacity":"","overlay-gradient":""},"tablet":{"background-color":"var(--ast-global-color-5)","background-image":"","background-repeat":"repeat","background-position":"center center","background-size":"auto","background-attachment":"scroll","background-type":"","background-media":"","overlay-type":"","overlay-color":"","overlay-opacity":"","overlay-gradient":""},"mobile":{"background-color":"var(--ast-global-color-5)","background-image":"","background-repeat":"repeat","background-position":"center center","background-size":"auto","background-attachment":"scroll","background-type":"","background-media":"","overlay-type":"","overlay-color":"","overlay-opacity":"","overlay-gradient":""}},"footnotes":""},"class_list":["post-2897","page","type-page","status-publish","hentry"],"_links":{"self":[{"href":"https:\/\/www.residencecigno.it\/de\/wp-json\/wp\/v2\/pages\/2897","targetHints":{"allow":["GET"]}}],"collection":[{"href":"https:\/\/www.residencecigno.it\/de\/wp-json\/wp\/v2\/pages"}],"about":[{"href":"https:\/\/www.residencecigno.it\/de\/wp-json\/wp\/v2\/types\/page"}],"author":[{"embeddable":true,"href":"https:\/\/www.residencecigno.it\/de\/wp-json\/wp\/v2\/users\/2"}],"replies":[{"embeddable":true,"href":"https:\/\/www.residencecigno.it\/de\/wp-json\/wp\/v2\/comments?post=2897"}],"version-history":[{"count":6,"href":"https:\/\/www.residencecigno.it\/de\/wp-json\/wp\/v2\/pages\/2897\/revisions"}],"predecessor-version":[{"id":176643,"href":"https:\/\/www.residencecigno.it\/de\/wp-json\/wp\/v2\/pages\/2897\/revisions\/176643"}],"wp:attachment":[{"href":"https:\/\/www.residencecigno.it\/de\/wp-json\/wp\/v2\/media?parent=2897"}],"curies":[{"name":"wp","href":"https:\/\/api.w.org\/{rel}","templated":true}]}}