{"id":2957,"date":"2020-01-24T12:20:19","date_gmt":"2020-01-24T10:20:19","guid":{"rendered":"https:\/\/www.residencecigno.it\/monats-und-langzeitangebote\/"},"modified":"2022-01-17T18:30:01","modified_gmt":"2022-01-17T16:30:01","slug":"monats-und-langzeitangebote","status":"publish","type":"page","link":"https:\/\/www.residencecigno.it\/de\/monats-und-langzeitangebote\/","title":{"rendered":"Monats- und Langzeitangebote"},"content":{"rendered":"\t\t<div data-elementor-type=\"wp-post\" data-elementor-id=\"2957\" class=\"elementor elementor-2957\" data-elementor-post-type=\"page\">\n\t\t\t\t\t\t<section class=\"elementor-section elementor-top-section elementor-element elementor-element-9d00655 elementor-section-boxed elementor-section-height-default elementor-section-height-default\" data-id=\"9d00655\" data-element_type=\"section\" data-e-type=\"section\">\n\t\t\t\t\t\t<div class=\"elementor-container elementor-column-gap-default\">\n\t\t\t\t\t<div class=\"elementor-column elementor-col-100 elementor-top-column elementor-element elementor-element-81c9577\" data-id=\"81c9577\" data-element_type=\"column\" data-e-type=\"column\">\n\t\t\t<div class=\"elementor-widget-wrap elementor-element-populated\">\n\t\t\t\t\t\t<div class=\"elementor-element elementor-element-665315e elementor-widget elementor-widget-heading\" data-id=\"665315e\" data-element_type=\"widget\" data-e-type=\"widget\" data-widget_type=\"heading.default\">\n\t\t\t\t<div class=\"elementor-widget-container\">\n\t\t\t\t\t<h2 class=\"elementor-heading-title elementor-size-default\">KONTAKT<\/h2>\t\t\t\t<\/div>\n\t\t\t\t<\/div>\n\t\t\t\t<div class=\"elementor-element elementor-element-039d7c7 elementor-widget elementor-widget-heading\" data-id=\"039d7c7\" data-element_type=\"widget\" data-e-type=\"widget\" data-widget_type=\"heading.default\">\n\t\t\t\t<div class=\"elementor-widget-container\">\n\t\t\t\t\t<h4 class=\"elementor-heading-title elementor-size-default\">FRAGEN SIE NACH EINEM MASSGESCHNEIDERTEM ANGEBOT F\u00dcR MITTELFRISTIGE AUFENTHALTE<\/h4>\t\t\t\t<\/div>\n\t\t\t\t<\/div>\n\t\t\t\t\t<\/div>\n\t\t<\/div>\n\t\t\t\t\t<\/div>\n\t\t<\/section>\n\t\t\t\t<section class=\"elementor-section elementor-top-section elementor-element elementor-element-33093f4 elementor-section-boxed elementor-section-height-default elementor-section-height-default\" data-id=\"33093f4\" data-element_type=\"section\" data-e-type=\"section\">\n\t\t\t\t\t\t<div class=\"elementor-container elementor-column-gap-default\">\n\t\t\t\t\t<div class=\"elementor-column elementor-col-100 elementor-top-column elementor-element elementor-element-44d19ea\" data-id=\"44d19ea\" data-element_type=\"column\" data-e-type=\"column\">\n\t\t\t<div class=\"elementor-widget-wrap elementor-element-populated\">\n\t\t\t\t\t\t<div class=\"elementor-element elementor-element-95b10ca elementor-widget elementor-widget-html\" data-id=\"95b10ca\" data-element_type=\"widget\" data-e-type=\"widget\" data-widget_type=\"html.default\">\n\t\t\t\t<div class=\"elementor-widget-container\">\n\t\t\t\t\t\n<div class=\"wpcf7 no-js\" id=\"wpcf7-f2954-o1\" lang=\"it-IT\" dir=\"ltr\" data-wpcf7-id=\"2954\">\n<div class=\"screen-reader-response\"><p role=\"status\" aria-live=\"polite\" aria-atomic=\"true\"><\/p> <ul><\/ul><\/div>\n<form action=\"\/de\/wp-json\/wp\/v2\/pages\/2957#wpcf7-f2954-o1\" method=\"post\" class=\"wpcf7-form init wpcf7-acceptance-as-validation\" aria-label=\"Kontaktformular\" novalidate=\"novalidate\" data-status=\"init\">\n<fieldset class=\"hidden-fields-container\"><input type=\"hidden\" name=\"_wpcf7\" value=\"2954\" \/><input type=\"hidden\" name=\"_wpcf7_version\" value=\"6.1.1\" \/><input type=\"hidden\" name=\"_wpcf7_locale\" value=\"it_IT\" \/><input type=\"hidden\" name=\"_wpcf7_unit_tag\" value=\"wpcf7-f2954-o1\" \/><input type=\"hidden\" name=\"_wpcf7_container_post\" value=\"0\" \/><input type=\"hidden\" name=\"_wpcf7_posted_data_hash\" value=\"\" \/>\n<\/fieldset>\n<p><div class='content-column one_third'><\/p>\n<div style=\"border:1px solid silver; min-height:430px\">\n\t<div style=\"background-color:#016389;color:white;padding:10px 0px 10px 10px;margin-bottom:15px\">\n\t\t<p>IHRE PERS\u00d6NLICHEN DATEN\n\t\t<\/p>\n\t<\/div>\n\t<div style=\"width:100%; padding:0px 5%\">\n\t\t<p><label>Name:<\/label><span class=\"wpcf7-form-control-wrap\" data-name=\"your-name\"><input size=\"40\" maxlength=\"400\" class=\"wpcf7-form-control wpcf7-text wpcf7-validates-as-required\" aria-required=\"true\" aria-invalid=\"false\" placeholder=\"Dein name\" value=\"\" type=\"text\" name=\"your-name\" \/><\/span><br \/>\n<label>Telefon:<\/label><span class=\"wpcf7-form-control-wrap\" data-name=\"your-phone\"><input size=\"40\" maxlength=\"400\" class=\"wpcf7-form-control wpcf7-text wpcf7-validates-as-required\" aria-required=\"true\" aria-invalid=\"false\" placeholder=\"Dein Telefon\" value=\"\" type=\"text\" name=\"your-phone\" \/><\/span><br \/>\n<label>E-mail:<\/label><span class=\"wpcf7-form-control-wrap\" data-name=\"your-email\"><input size=\"40\" maxlength=\"400\" class=\"wpcf7-form-control wpcf7-text wpcf7-validates-as-required\" aria-required=\"true\" aria-invalid=\"false\" placeholder=\"Ihre E-Mail\" value=\"\" type=\"text\" name=\"your-email\" \/><\/span><br \/>\n<span class=\"wpcf7-form-control-wrap\" data-name=\"accettazione-privacy\"><span class=\"wpcf7-form-control wpcf7-acceptance\"><span class=\"wpcf7-list-item\"><label><input type=\"checkbox\" name=\"accettazione-privacy\" value=\"1\" aria-invalid=\"false\" \/><span class=\"wpcf7-list-item-label\">Mit dem Absenden dieses Formulars erkl\u00e4re ich mich mit der Verarbeitung der Daten zu den in Ihrem Formular angegebenen Zwecken einverstanden <a href=\"\/privacy-policy\">Privacy Policy<\/a><\/span><\/label><\/span><\/span><\/span>\n\t\t<\/p>\n\t<\/div>\n<\/div><\/div><div class='content-column one_third'><\/p>\n<div style=\"border:1px solid silver; min-height:430px\"\">\n\t<div style=\"background-color:#016389;color:white;padding:10px 0px 10px 10px;margin-bottom:15px\">\n\t\t<p>AUFENTHAL\n\t\t<\/p>\n\t<\/div>\n\t<div style=\"width:100%; padding:0px 5%\">\n\t\t<div>\n\t\t\t<p>W\u00e4hlen Sie das Ankunfts- und Abreisedatum.\n\t\t\t<\/p>\n\t\t<\/div>\n\t\t<p><label>Ankunft:<\/label><span class=\"wpcf7-form-control-wrap\" data-name=\"dataArrivo\"><input class=\"wpcf7-form-control wpcf7-date wpcf7-validates-as-required wpcf7-validates-as-date\" id=\"dataArrivo\" aria-required=\"true\" aria-invalid=\"false\" placeholder=\"Ankunft\" value=\"\" type=\"date\" name=\"dataArrivo\" \/><\/span><br \/>\n<label>Partenza:<\/label><span class=\"wpcf7-form-control-wrap\" data-name=\"dataPartenza\"><input class=\"wpcf7-form-control wpcf7-date wpcf7-validates-as-required wpcf7-validates-as-date\" id=\"dataPartenza\" aria-required=\"true\" aria-invalid=\"false\" placeholder=\"\u00fcberpr\u00fcfen\" value=\"\" type=\"date\" name=\"dataPartenza\" \/><\/span>\n\t\t<\/p>\n\t<\/div>\n<\/div><\/div><div class='content-column one_third last_column'><\/p>\n<div style=\"border:1px solid silver; min-height:430px\"\">\n\t<div style=\"background-color:#016389;color:white;padding:10px 0px 10px 10px;margin-bottom:15px\">\n\t\t<p>SPEZIELLE G\u00c4STE UND ANFRAGEN\n\t\t<\/p>\n\t<\/div>\n\t<div style=\"width:100%; padding:0px 5%\">\n\t\t<p><label>Apartments:<\/label>\n\t\t<\/p>\n\t\t<div style=\"display:inline-flex;\">\n\t\t\t<p><span class=\"wpcf7-form-control-wrap\" data-name=\"chk_nrApt\"><span class=\"wpcf7-form-control wpcf7-checkbox wpcf7-validates-as-required wpcf7-exclusive-checkbox\"><span class=\"wpcf7-list-item first\"><label><input type=\"checkbox\" name=\"chk_nrApt\" value=\"1\" \/><span class=\"wpcf7-list-item-label\">1<\/span><\/label><\/span><span class=\"wpcf7-list-item\"><label><input type=\"checkbox\" name=\"chk_nrApt\" value=\"2\" \/><span class=\"wpcf7-list-item-label\">2<\/span><\/label><\/span><span class=\"wpcf7-list-item last\"><label><input type=\"checkbox\" name=\"chk_nrApt\" value=\"3\" \/><span class=\"wpcf7-list-item-label\">3<\/span><\/label><\/span><\/span><\/span>\n\t\t\t<\/p>\n\t\t<\/div>\n\t\t<p>[group Apt1]\n\t\t<\/p>\n\t\t<div style=\"color:#016389; margin:0px 0 -5px 0\">\n\t\t\t<p><label>Wohnung 1<\/label>\n\t\t\t<\/p>\n\t\t<\/div>\n\t\t<div style=\"display:inline-flex;\">\n\t\t\t<div style=\"margin:-10px 10px 0 0;\">\n\t\t\t\t<p><label>Erwachsene <\/label><span class=\"wpcf7-form-control-wrap\" data-name=\"apt1_adulti\"><input class=\"wpcf7-form-control wpcf7-number wpcf7-validates-as-required wpcf7-validates-as-number\" min=\"1\" max=\"5\" aria-required=\"true\" aria-invalid=\"false\" value=\"2\" type=\"number\" name=\"apt1_adulti\" \/><\/span>\n\t\t\t\t<\/p>\n\t\t\t<\/div>\n\t\t\t<div style=\"margin:-10px 10px 0 0\">\n\t\t\t\t<p><label>Kinder <\/label><span class=\"wpcf7-form-control-wrap\" data-name=\"apt1_bambini\"><input class=\"wpcf7-form-control wpcf7-number wpcf7-validates-as-required wpcf7-validates-as-number\" min=\"0\" max=\"4\" aria-required=\"true\" aria-invalid=\"false\" value=\"0\" type=\"number\" name=\"apt1_bambini\" \/><\/span>\n\t\t\t\t<\/p>\n\t\t\t<\/div>\n\t\t<\/div>\n\t<hr style=\"margin: 10px 0;border: 1px solid #eee;\" \/>\n\t\t<p>[\/group]<br \/>\n[group Apt2]\n\t\t<\/p>\n\t\t<div style=\"color:#016389; margin:-10px 0 -5px 0\">\n\t\t\t<p><label>Wohnung 2<\/label>\n\t\t\t<\/p>\n\t\t<\/div>\n\t\t<div style=\"display:inline-flex;\">\n\t\t\t<div style=\"margin:-10px 10px 0 0;\">\n\t\t\t\t<p><label>Erwachsene <\/label><span class=\"wpcf7-form-control-wrap\" data-name=\"apt2_adulti\"><input class=\"wpcf7-form-control wpcf7-number wpcf7-validates-as-required wpcf7-validates-as-number\" min=\"1\" max=\"5\" aria-required=\"true\" aria-invalid=\"false\" value=\"2\" type=\"number\" name=\"apt2_adulti\" \/><\/span>\n\t\t\t\t<\/p>\n\t\t\t<\/div>\n\t\t\t<div style=\"margin:-10px 10px 0 0\">\n\t\t\t\t<p><label>Kinder <\/label><span class=\"wpcf7-form-control-wrap\" data-name=\"apt2_bambini\"><input class=\"wpcf7-form-control wpcf7-number wpcf7-validates-as-required wpcf7-validates-as-number\" min=\"0\" max=\"4\" aria-required=\"true\" aria-invalid=\"false\" value=\"0\" type=\"number\" name=\"apt2_bambini\" \/><\/span>\n\t\t\t\t<\/p>\n\t\t\t<\/div>\n\t\t<\/div>\n\t<hr style=\"margin: 10px 0;border: 1px solid #eee;\" \/>\n\t\t<p>[\/group]<br \/>\n[group Apt3]\n\t\t<\/p>\n\t\t<div style=\"color:#016389; margin:-10px 0 -5px 0\">\n\t\t\t<p><label>Wohnung 3<\/label>\n\t\t\t<\/p>\n\t\t<\/div>\n\t\t<div style=\"display:inline-flex;\">\n\t\t\t<div style=\"margin:-10px 10px 0 0;\">\n\t\t\t\t<p><label>Erwachsene <\/label><span class=\"wpcf7-form-control-wrap\" data-name=\"apt3_adulti\"><input class=\"wpcf7-form-control wpcf7-number wpcf7-validates-as-required wpcf7-validates-as-number\" min=\"1\" max=\"5\" aria-required=\"true\" aria-invalid=\"false\" value=\"2\" type=\"number\" name=\"apt3_adulti\" \/><\/span>\n\t\t\t\t<\/p>\n\t\t\t<\/div>\n\t\t\t<div style=\"margin:-10px 10px 0 0\">\n\t\t\t\t<p><label>Kinder <\/label><span class=\"wpcf7-form-control-wrap\" data-name=\"apt3_bambini\"><input class=\"wpcf7-form-control wpcf7-number wpcf7-validates-as-required wpcf7-validates-as-number\" min=\"0\" max=\"4\" aria-required=\"true\" aria-invalid=\"false\" value=\"0\" type=\"number\" name=\"apt3_bambini\" \/><\/span>\n\t\t\t\t<\/p>\n\t\t\t<\/div>\n\t\t<\/div>\n\t<hr style=\"margin: 10px 0;border: 1px solid #eee;\" \/>\n\t\t<p>[\/group]<br \/>\n<span class=\"wpcf7-form-control-wrap\" data-name=\"your-message\"><textarea cols=\"40\" rows=\"3\" maxlength=\"2000\" class=\"wpcf7-form-control wpcf7-textarea\" aria-invalid=\"false\" name=\"your-message\">Ihre Nachricht<\/textarea><\/span><br \/>\n[honeypot yourwebsite]\n\t\t<\/p>\n\t\t<div style=\"width:100%;text-align:center\">\n\t\t\t<p><input class=\"wpcf7-form-control wpcf7-submit has-spinner\" type=\"submit\" value=\"Fordern Sie ein Angebot an\" \/>\n\t\t\t<\/p>\n\t\t<\/div>\n\t<input class=\"wpcf7-form-control wpcf7-hidden\" value=\"Richiesta preventivo per lungo periodo (DE)\" type=\"hidden\" name=\"your-subject\" \/>\n\t<\/div>\n<\/div><\/div><div class='clear_column'><\/div>\n<\/p><div class=\"wpcf7-response-output\" aria-hidden=\"true\"><\/div>\n<\/form>\n<\/div>\n\t\t\t\t<\/div>\n\t\t\t\t<\/div>\n\t\t\t\t\t<\/div>\n\t\t<\/div>\n\t\t\t\t\t<\/div>\n\t\t<\/section>\n\t\t\t\t<section class=\"elementor-section elementor-top-section elementor-element elementor-element-6bab2b8 elementor-section-boxed elementor-section-height-default elementor-section-height-default\" data-id=\"6bab2b8\" data-element_type=\"section\" data-e-type=\"section\">\n\t\t\t\t\t\t<div class=\"elementor-container elementor-column-gap-default\">\n\t\t\t\t\t<div class=\"elementor-column elementor-col-100 elementor-top-column elementor-element elementor-element-e97bd4d\" data-id=\"e97bd4d\" data-element_type=\"column\" data-e-type=\"column\">\n\t\t\t<div class=\"elementor-widget-wrap elementor-element-populated\">\n\t\t\t\t\t\t<div class=\"elementor-element elementor-element-71889f0 elementor-widget elementor-widget-spacer\" data-id=\"71889f0\" data-element_type=\"widget\" data-e-type=\"widget\" data-widget_type=\"spacer.default\">\n\t\t\t\t<div class=\"elementor-widget-container\">\n\t\t\t\t\t\t\t<div class=\"elementor-spacer\">\n\t\t\t<div class=\"elementor-spacer-inner\"><\/div>\n\t\t<\/div>\n\t\t\t\t\t\t<\/div>\n\t\t\t\t<\/div>\n\t\t\t\t\t<\/div>\n\t\t<\/div>\n\t\t\t\t\t<\/div>\n\t\t<\/section>\n\t\t\t\t<section class=\"elementor-section elementor-top-section elementor-element elementor-element-5e227dc elementor-section-boxed elementor-section-height-default elementor-section-height-default\" data-id=\"5e227dc\" data-element_type=\"section\" data-e-type=\"section\">\n\t\t\t\t\t\t<div class=\"elementor-container elementor-column-gap-default\">\n\t\t\t\t\t<div class=\"elementor-column elementor-col-100 elementor-top-column elementor-element elementor-element-7769ec4\" data-id=\"7769ec4\" data-element_type=\"column\" data-e-type=\"column\">\n\t\t\t<div class=\"elementor-widget-wrap elementor-element-populated\">\n\t\t\t\t\t\t<div class=\"elementor-element elementor-element-f336e9b elementor-hidden-desktop elementor-hidden-tablet elementor-hidden-phone elementor-widget elementor-widget-text-editor\" data-id=\"f336e9b\" data-element_type=\"widget\" data-e-type=\"widget\" data-widget_type=\"text-editor.default\">\n\t\t\t\t<div class=\"elementor-widget-container\">\n\t\t\t\t\t\t\t\t\t<p>Reservieren Sie Ihre Unterkunft f\u00fcr rimini fiera f\u00fcr das Messegel\u00e4nde Riminifiere, f\u00fcr die SIGEP Veranstaltungen. Sind Sie Student, buchen Sie in unserem Residence f\u00fcr Studenten, oder Residence f\u00fcr Messeveranstaltungen. Entdecken Sie Sol et Salus bei rimini Fiera, bei RiminiFiera<\/p>\n\t\t\t\t\t\t\t\t<\/div>\n\t\t\t\t<\/div>\n\t\t\t\t\t<\/div>\n\t\t<\/div>\n\t\t\t\t\t<\/div>\n\t\t<\/section>\n\t\t\t\t<\/div>\n\t\t","protected":false},"excerpt":{"rendered":"<p>KONTAKT FRAGEN SIE NACH EINEM MASSGESCHNEIDERTEM ANGEBOT F\u00dcR MITTELFRISTIGE AUFENTHALTE Reservieren Sie Ihre Unterkunft f\u00fcr rimini fiera f\u00fcr das Messegel\u00e4nde Riminifiere, f\u00fcr die SIGEP Veranstaltungen. Sind Sie Student, buchen Sie in unserem Residence f\u00fcr Studenten, oder Residence f\u00fcr Messeveranstaltungen. Entdecken Sie Sol et Salus bei rimini Fiera, bei RiminiFiera<\/p>\n","protected":false},"author":2,"featured_media":0,"parent":0,"menu_order":0,"comment_status":"closed","ping_status":"closed","template":"","meta":{"site-sidebar-layout":"no-sidebar","site-content-layout":"page-builder","ast-site-content-layout":"default","site-content-style":"default","site-sidebar-style":"default","ast-global-header-display":"","ast-banner-title-visibility":"","ast-main-header-display":"","ast-hfb-above-header-display":"","ast-hfb-below-header-display":"","ast-hfb-mobile-header-display":"","site-post-title":"disabled","ast-breadcrumbs-content":"","ast-featured-img":"disabled","footer-sml-layout":"","ast-disable-related-posts":"","theme-transparent-header-meta":"default","adv-header-id-meta":"","stick-header-meta":"","header-above-stick-meta":"","header-main-stick-meta":"","header-below-stick-meta":"","astra-migrate-meta-layouts":"default","ast-page-background-enabled":"default","ast-page-background-meta":{"desktop":{"background-color":"","background-image":"","background-repeat":"repeat","background-position":"center center","background-size":"auto","background-attachment":"scroll","background-type":"","background-media":"","overlay-type":"","overlay-color":"","overlay-opacity":"","overlay-gradient":""},"tablet":{"background-color":"","background-image":"","background-repeat":"repeat","background-position":"center center","background-size":"auto","background-attachment":"scroll","background-type":"","background-media":"","overlay-type":"","overlay-color":"","overlay-opacity":"","overlay-gradient":""},"mobile":{"background-color":"","background-image":"","background-repeat":"repeat","background-position":"center center","background-size":"auto","background-attachment":"scroll","background-type":"","background-media":"","overlay-type":"","overlay-color":"","overlay-opacity":"","overlay-gradient":""}},"ast-content-background-meta":{"desktop":{"background-color":"var(--ast-global-color-5)","background-image":"","background-repeat":"repeat","background-position":"center center","background-size":"auto","background-attachment":"scroll","background-type":"","background-media":"","overlay-type":"","overlay-color":"","overlay-opacity":"","overlay-gradient":""},"tablet":{"background-color":"var(--ast-global-color-5)","background-image":"","background-repeat":"repeat","background-position":"center center","background-size":"auto","background-attachment":"scroll","background-type":"","background-media":"","overlay-type":"","overlay-color":"","overlay-opacity":"","overlay-gradient":""},"mobile":{"background-color":"var(--ast-global-color-5)","background-image":"","background-repeat":"repeat","background-position":"center center","background-size":"auto","background-attachment":"scroll","background-type":"","background-media":"","overlay-type":"","overlay-color":"","overlay-opacity":"","overlay-gradient":""}},"footnotes":""},"class_list":["post-2957","page","type-page","status-publish","hentry"],"_links":{"self":[{"href":"https:\/\/www.residencecigno.it\/de\/wp-json\/wp\/v2\/pages\/2957","targetHints":{"allow":["GET"]}}],"collection":[{"href":"https:\/\/www.residencecigno.it\/de\/wp-json\/wp\/v2\/pages"}],"about":[{"href":"https:\/\/www.residencecigno.it\/de\/wp-json\/wp\/v2\/types\/page"}],"author":[{"embeddable":true,"href":"https:\/\/www.residencecigno.it\/de\/wp-json\/wp\/v2\/users\/2"}],"replies":[{"embeddable":true,"href":"https:\/\/www.residencecigno.it\/de\/wp-json\/wp\/v2\/comments?post=2957"}],"version-history":[{"count":0,"href":"https:\/\/www.residencecigno.it\/de\/wp-json\/wp\/v2\/pages\/2957\/revisions"}],"wp:attachment":[{"href":"https:\/\/www.residencecigno.it\/de\/wp-json\/wp\/v2\/media?parent=2957"}],"curies":[{"name":"wp","href":"https:\/\/api.w.org\/{rel}","templated":true}]}}